{"id":3958,"date":"2022-03-29T11:47:44","date_gmt":"2022-03-29T11:47:44","guid":{"rendered":"https:\/\/reflexologue81.fr\/?page_id=3958"},"modified":"2022-03-29T11:53:45","modified_gmt":"2022-03-29T11:53:45","slug":"deroulement-dune-seance","status":"publish","type":"page","link":"https:\/\/reflexologue81.fr\/?page_id=3958","title":{"rendered":"D\u00e9roulement d&rsquo;une s\u00e9ance"},"content":{"rendered":"<section class=\"l-section wpb_row height_medium\"><div class=\"l-section-h i-cf\"><div class=\"g-cols vc_row via_grid cols_1 laptops-cols_inherit tablets-cols_inherit mobiles-cols_1 valign_top type_default stacking_default\"><div class=\"wpb_column vc_column_container\"><div class=\"vc_column-inner\"><div class=\"wpb_text_column\"><div class=\"wpb_wrapper\"><p>La s\u00e9ance de r\u00e9flexologie commence par\u00a0<b>un \u00e9change verbal, afin de mieux vous conna\u00eetre, de comprendre l\u2019objet de votre venue et de permettre d\u2019adapter la s\u00e9ance \u00e0 vos besoins<\/b>.<\/p>\n<p>Selon la demande, si plusieurs s\u00e9ances sont envisag\u00e9es, un\u00a0<b>\u00ab bilan \u00bb des zones r\u00e9flexes sensibles<\/b>\u00a0est \u00e9tabli. Il s\u2019agit d\u2019une \u00e9valuation de l\u2019\u00e9tat g\u00e9n\u00e9ral des syst\u00e8mes en lien avec votre ressenti, qui d\u00e9finit les s\u00e9ances suivantes.<\/p>\n<p>&nbsp;<\/p>\n<p>Je d\u00e9bute par un\u00a0<b>entretien sur votre \u00e9tat de bien-\u00eatre, sur vos sensations et vos ressentis avant la s\u00e9ance<\/b>.<\/p>\n<p>Vous vous allongez ensuite confortablement sur la table de massage (habill\u00e9) et vous recevez des mouvements enveloppants au niveau\u00a0 des pieds, ou des mains ou du visage qui permettent de vous poser et de vous d\u00e9tendre, accompagn\u00e9 d\u2019une musique douce invitant \u00e0 la relaxation<\/p>\n<p>Ensuite, des pressions sp\u00e9cifiques et adapt\u00e9es \u00e0 vos besoins sont appliqu\u00e9es sur toutes les zones r\u00e9flexes .<\/p>\n<p>La s\u00e9ance se termine par un \u00e9change sur ce qui a \u00e9t\u00e9 v\u00e9cu.<\/p>\n<p><b>Le nombre de s\u00e9ances n\u00e9cessaires varie d\u2019une personne \u00e0 l\u2019autre, chaque \u00eatre \u00e9tant diff\u00e9rent<\/b>.\u00a0On consid\u00e8re n\u00e9anmoins que le corps a besoin de 3 \u00e0 6 s\u00e9ances.<\/p>\n<p>Il est important de cr\u00e9er une dynamique pour que le corps s\u2019habitue au toucher et aux pressions, et qu\u2019il y ait un rel\u00e2chement progressif. Tout cela d\u00e9pend bien s\u00fbr de vos besoins et de vos troubles : un protocole adapt\u00e9 et personnalis\u00e9 vous est propos\u00e9.<\/p>\n<p>Pour les pathologies lourdes ou chroniques, il est important de stimuler le corps, car il a perdu son intelligence naturelle. Les s\u00e9ances peuvent donc \u00eatre propos\u00e9es au rythme d\u2019une fois par semaine, ou une fois tous les 15 jours, selon les disponibilit\u00e9s et les envies de chacun.<\/p>\n<p>Ceci dit,\u00a0<b>il est bien \u00e9videmment possible de faire une seule s\u00e9ance d\u00e9couverte, de d\u00e9tente, ou encore tous les six mois<\/b>. Cela peut \u00eatre \u00e9galement aux changements de saisons, ou bien en fonction d\u2019un souci particulier.<\/p>\n<p>&nbsp;<\/p>\n<p>Fin de s\u00e9ance<\/p>\n<p><b>Afin de profiter au mieux des bienfaits de la r\u00e9flexologie<\/b>, il est conseill\u00e9 apr\u00e8s une s\u00e9ance de :<\/p>\n<p>Boire en quantit\u00e9 suffisante de l\u2019eau (ou des tisanes) afin d\u2019\u00e9liminer les toxines.<\/p>\n<ul>\n<li>Ne pas absorber trop de stimulants (caf\u00e9, th\u00e9, alcool).<\/li>\n<li>Rester tranquille (pas d\u2019activit\u00e9 physique importante).<\/li>\n<\/ul>\n<\/div><\/div><\/div><\/div><\/div><\/div><\/section>\n","protected":false},"excerpt":{"rendered":"La s\u00e9ance de r\u00e9flexologie commence par\u00a0un \u00e9change verbal, afin de mieux vous conna\u00eetre, de comprendre l\u2019objet de votre venue et de permettre d\u2019adapter la s\u00e9ance \u00e0 vos besoins. Selon la demande, si plusieurs s\u00e9ances sont envisag\u00e9es, un\u00a0\u00ab bilan \u00bb des zones r\u00e9flexes sensibles\u00a0est \u00e9tabli. Il s\u2019agit d\u2019une \u00e9valuation de l\u2019\u00e9tat g\u00e9n\u00e9ral des syst\u00e8mes en lien...","protected":false},"author":1,"featured_media":0,"parent":0,"menu_order":0,"comment_status":"closed","ping_status":"closed","template":"","meta":{"footnotes":""},"class_list":["post-3958","page","type-page","status-publish","hentry"],"_links":{"self":[{"href":"https:\/\/reflexologue81.fr\/index.php?rest_route=\/wp\/v2\/pages\/3958","targetHints":{"allow":["GET"]}}],"collection":[{"href":"https:\/\/reflexologue81.fr\/index.php?rest_route=\/wp\/v2\/pages"}],"about":[{"href":"https:\/\/reflexologue81.fr\/index.php?rest_route=\/wp\/v2\/types\/page"}],"author":[{"embeddable":true,"href":"https:\/\/reflexologue81.fr\/index.php?rest_route=\/wp\/v2\/users\/1"}],"replies":[{"embeddable":true,"href":"https:\/\/reflexologue81.fr\/index.php?rest_route=%2Fwp%2Fv2%2Fcomments&post=3958"}],"version-history":[{"count":2,"href":"https:\/\/reflexologue81.fr\/index.php?rest_route=\/wp\/v2\/pages\/3958\/revisions"}],"predecessor-version":[{"id":3962,"href":"https:\/\/reflexologue81.fr\/index.php?rest_route=\/wp\/v2\/pages\/3958\/revisions\/3962"}],"wp:attachment":[{"href":"https:\/\/reflexologue81.fr\/index.php?rest_route=%2Fwp%2Fv2%2Fmedia&parent=3958"}],"curies":[{"name":"wp","href":"https:\/\/api.w.org\/{rel}","templated":true}]}}