{"id":3903,"date":"2022-03-21T12:44:08","date_gmt":"2022-03-21T12:44:08","guid":{"rendered":"https:\/\/reflexologue81.fr\/?page_id=3903"},"modified":"2022-03-21T17:55:53","modified_gmt":"2022-03-21T17:55:53","slug":"presentation","status":"publish","type":"page","link":"https:\/\/reflexologue81.fr\/?page_id=3903","title":{"rendered":"La r\u00e9flexologie"},"content":{"rendered":"<section class=\"l-section wpb_row height_medium\"><div class=\"l-section-overlay\" style=\"background:var(--color-header-transparent-bg)\"><\/div><div class=\"l-section-h i-cf\"><div class=\"g-cols vc_row via_grid cols_1 laptops-cols_inherit tablets-cols_inherit mobiles-cols_1 valign_top type_default stacking_default\"><div class=\"wpb_column vc_column_container\"><div class=\"vc_column-inner\"><div class=\"wpb_text_column\"><div class=\"wpb_wrapper\"><h3 style=\"text-align: center;\"><strong>HISTOIRE DE LA R\u00c9FLEXOLOGIE<\/strong><\/h3>\n<\/div><\/div><div class=\"w-separator size_huge\"><\/div><div class=\"g-cols wpb_row via_grid cols_2-1 laptops-cols_inherit tablets-cols_inherit mobiles-cols_1 valign_top type_default stacking_default\" style=\"--gap:3rem;\"><div class=\"wpb_column vc_column_container\"><div class=\"vc_column-inner\"><div class=\"wpb_text_column\"><div class=\"wpb_wrapper\"><div>\n<p><strong>Une origine en Inde et au P\u00e9rou :<\/strong><\/p>\n<p class=\"Textbody\">Il y a 5 000 ans un traitement sous forme de pressions \u00e9tait connue en Inde et en Chine, le document le plus ancien connu date de 2,700 ans avant J.C. Chez les Incas (P\u00e9rou) ce traitement sous forme de pressions remonterait \u00e0 12 000 ans avant J.C.<\/p>\n<p>&nbsp;<\/p>\n<\/div>\n<div>\n<p class=\"Textbody\"><strong>En Europe :<\/strong><\/p>\n<p>En Europe, l\u2019histoire est beaucoup plus r\u00e9cente, il fallu attendre le 16 \u00e8me si\u00e8cle. C\u2019est alors\u00a0que les docteurs \u00ab\u00a0Adamus et A\u2019Tatis\u00a0\u00bb \u00e9crivirent un livre sur la th\u00e9rapie des zones r\u00e9flexes.<\/p>\n<\/div>\n<div>\n<p class=\"Textbody\">Puis,\u00a0<a href=\"https:\/\/fr.wikipedia.org\/wiki\/James_A._Garfield\">James Abram Garfield<\/a>\u00a020 \u00e8me Pr\u00e9sident Am\u00e9ricain, se soulagea des douleurs d\u00fbes \u00e0 une tentative d\u2019assassinat par cette m\u00eame m\u00e9thode.<\/p>\n<\/div>\n<div>\n<p class=\"Textbody\">Mais celui qui est consid\u00e9r\u00e9 comme le v\u00e9ritable Grand-P\u00e8re de la r\u00e9flexologie c\u2019est\u00a0<a href=\"http:\/\/www.unizen.fr\/blog\/dr-william-fitzgerald-et-la-reflexologie-moderne\">William Fitzgerald<\/a>, sp\u00e9cialiste O.R.L qui exer\u00e7ait les techniques de zone th\u00e9rapie et d\u00e9couvrit qu\u2019une pression exerc\u00e9e sur des parties des pieds provoquent une anesth\u00e9sie de certaines zones du corps.<\/p>\n<\/div>\n<\/div><\/div><\/div><\/div><div class=\"wpb_column vc_column_container\"><div class=\"vc_column-inner\"><div class=\"w-image align_center\"><div class=\"w-image-h\"><img decoding=\"async\" width=\"755\" height=\"612\" src=\"https:\/\/reflexologue81.fr\/wp-content\/uploads\/2022\/03\/chine.jpeg\" class=\"attachment-large size-large\" alt=\"\" loading=\"lazy\" srcset=\"https:\/\/reflexologue81.fr\/wp-content\/uploads\/2022\/03\/chine.jpeg 755w, https:\/\/reflexologue81.fr\/wp-content\/uploads\/2022\/03\/chine-300x243.jpeg 300w\" sizes=\"auto, (max-width: 755px) 100vw, 755px\" \/><\/div><\/div><\/div><\/div><\/div><div class=\"w-separator size_huge\"><\/div><div class=\"w-tabs style_default switch_click accordion type_togglable has_scrolling\" style=\"--sections-title-size:inherit\"><div class=\"w-tabs-sections titles-align_center icon_chevron cpos_right\"><div class=\"w-tabs-section\" id=\"a9a8\" itemscope itemprop=\"mainEntity\" itemtype=\"https:\/\/schema.org\/Question\"><button class=\"w-tabs-section-header with_icon\" aria-controls=\"content-a9a8\" aria-expanded=\"false\"><i class=\"fas fa-question-circle\"><\/i><h1 class=\"w-tabs-section-title\" itemprop=\"name\">QU&rsquo;EST-CE QUE LA R\u00c9FLEXOLOGIE ?<\/h1><div class=\"w-tabs-section-control\"><\/div><\/button><div  class=\"w-tabs-section-content\" id=\"content-a9a8\" itemscope itemprop=\"acceptedAnswer\" itemtype=\"https:\/\/schema.org\/Answer\"><div class=\"w-tabs-section-content-h i-cf\" itemprop=\"text\"><div class=\"wpb_text_column\"><div class=\"wpb_wrapper\"><p>C\u2019est un soin holistique tr\u00e8s relaxant , simple et doux, une m\u00e9thode non m\u00e9dicamenteuse,\u00a0 La\u00a0r\u00e9flexologie\u00a0d\u00e9signe une technique manuelle qui lib\u00e8re les facult\u00e9s d&rsquo;autor\u00e9gulation et d&rsquo;auto-gu\u00e9rison.<\/p>\n<p>Les pieds, les mains, le visage sont des repr\u00e9sentations miniature du corps\u00a0.<\/p>\n<p>A chaque\u00a0 zone \u00ab\u00a0r\u00e9flexe\u00a0\u00bb correspond\u00a0:<\/p>\n<ul>\n<li>A un organe ( c\u0153ur, poumon etc\u00a0\u2026)<\/li>\n<li>A une glande ( thyro\u00efde, surr\u00e9nales etc&#8230;)<\/li>\n<li>A une partie du corps ( T\u00eate, membres etc&#8230;).<\/li>\n<\/ul>\n<p>Un toucher sp\u00e9cifique permet l\u2019\u00e9quilibre de cette zone r\u00e9flexe correspondante\u00a0.<\/p>\n<p>&nbsp;<\/p>\n<p>La r\u00e9flexologie\u00a0 est un excellent compl\u00e9ment \u00e0 la m\u00e9decine traditionnelle. En aucun cas, elle n\u2019a pas pour but d\u2019\u00e9tablir un diagnostic, de modifier ou de se substituer aux traitements m\u00e9dicaux.\u00a0Elle ne dispense pas d\u2019une consultation m\u00e9dicale pr\u00e9alable ! Aucun doute sur le fait que vous serez d\u00e9tendu(e) et apais\u00e9(e) apr\u00e8s une s\u00e9ance de r\u00e9flexologie.<\/p>\n<\/div><\/div><\/div><\/div><\/div><div class=\"w-tabs-section\" id=\"ad27\" itemscope itemprop=\"mainEntity\" itemtype=\"https:\/\/schema.org\/Question\"><button class=\"w-tabs-section-header\" aria-controls=\"content-ad27\" aria-expanded=\"false\"><h1 class=\"w-tabs-section-title\" itemprop=\"name\">POURQUOI CONSULTER UN R\u00c9FLEXOLOGUE ?<\/h1><div class=\"w-tabs-section-control\"><\/div><\/button><div  class=\"w-tabs-section-content\" id=\"content-ad27\" itemscope itemprop=\"acceptedAnswer\" itemtype=\"https:\/\/schema.org\/Answer\"><div class=\"w-tabs-section-content-h i-cf\" itemprop=\"text\"><div class=\"wpb_text_column\"><div class=\"wpb_wrapper\"><div>\n<p class=\"Textbody\">Au del\u00e0 d\u2019une profonde\u00a0<b>d\u00e9tente physique et mentale<\/b>, la R\u00e9flexologie permet:<\/p>\n<\/div>\n<div>\n<p class=\"Textbody\">\n<\/div>\n<div>\n<p class=\"Textbody\">\u2013 De retrouver la vitalit\u00e9, de dynamiser votre organisme.<\/p>\n<\/div>\n<div>\n<p class=\"Textbody\">\u2013 D\u2019\u00e9liminer les toxines.<\/p>\n<\/div>\n<div>\n<p class=\"Textbody\">&#8211; D\u2019activer la circulation sanguine et lymphatique.<\/p>\n<\/div>\n<div>\n<p class=\"Textbody\">&#8211; De renforcer le syst\u00e8me immunitaire.<\/p>\n<\/div>\n<div>\n<p class=\"Textbody\">&#8211; Faciliter le transit\u00a0.<\/p>\n<\/div>\n<div>\n<p class=\"Textbody\">&#8211; Favorise un meilleur sommeil.<\/p>\n<\/div>\n<div>\n<p class=\"Textbody\">&#8211; Soulage le stress et les tensions.<\/p>\n<p>&nbsp;<\/p>\n<\/div>\n<div>\n<p class=\"Textbody\"><span class=\"StrongEmphasis\">La r\u00e9flexologie apaise les\u00a0<\/span><span class=\"StrongEmphasis\">maux suivants\u00a0<\/span><span class=\"StrongEmphasis\">:<\/span><\/p>\n<\/div>\n<div>\n<p class=\"Textbody\">\u2013 Anxi\u00e9t\u00e9, angoisse<\/p>\n<\/div>\n<div>\n<p class=\"Textbody\">\u2013 Tensions nerveuses, surmenage<\/p>\n<\/div>\n<div>\n<p class=\"Textbody\">\u2013 Baisse de moral, fatigue g\u00e9n\u00e9rale, lassitude<\/p>\n<\/div>\n<div>\n<p class=\"Textbody\">\u2013 Troubles du sommeil<\/p>\n<\/div>\n<div>\n<p class=\"Textbody\">\u2013\u00a0Troubles digestifs, constipation, maux d\u2019estomac, ballonnements<\/p>\n<\/div>\n<div>\n<p class=\"Textbody\">\u2013\u00a0Douleurs et tensions musculaires<\/p>\n<\/div>\n<div>\n<p class=\"Textbody\">\u2013\u00a0Maux de t\u00eate et migraines<\/p>\n<\/div>\n<div>\n<p class=\"Textbody\">\u2013\u00a0Troubles respiratoires : rhume, sinusite, allergie, toux.<\/p>\n<\/div>\n<div>\n<p class=\"Textbody\">\u2013\u00a0Troubles hormonaux, troubles de la m\u00e9nopause, syndrome pr\u00e9menstruel, r\u00e8gles douloureuses<\/p>\n<\/div>\n<div>\n<p class=\"Textbody\">\u2013\u00a0Affections des voies urinaires chroniques<\/p>\n<\/div>\n<\/div><\/div><\/div><\/div><\/div><div class=\"w-tabs-section\" id=\"de8e\" itemscope itemprop=\"mainEntity\" itemtype=\"https:\/\/schema.org\/Question\"><button class=\"w-tabs-section-header\" aria-controls=\"content-de8e\" aria-expanded=\"false\"><h1 class=\"w-tabs-section-title\" itemprop=\"name\">POUR QUI ?<\/h1><div class=\"w-tabs-section-control\"><\/div><\/button><div  class=\"w-tabs-section-content\" id=\"content-de8e\" itemscope itemprop=\"acceptedAnswer\" itemtype=\"https:\/\/schema.org\/Answer\"><div class=\"w-tabs-section-content-h i-cf\" itemprop=\"text\"><div class=\"wpb_text_column\"><div class=\"wpb_wrapper\"><ul>\n<li>Adultes<\/li>\n<li>Nourrissons<\/li>\n<li>Enfants, adolescents<\/li>\n<li>Seniors<\/li>\n<li>Sportifs<\/li>\n<li>Femmes enceintes (+ de 3 mois de grossesse)<\/li>\n<\/ul>\n<\/div><\/div><\/div><\/div><\/div><div class=\"w-tabs-section has_text_color\" id=\"f037\" itemscope itemprop=\"mainEntity\" itemtype=\"https:\/\/schema.org\/Question\" style=\"color:var(--color-subfooter-bg-alt);\"><button class=\"w-tabs-section-header with_icon\" aria-controls=\"content-f037\" aria-expanded=\"false\"><i class=\"fas fa-warning\"><\/i><h1 class=\"w-tabs-section-title\" itemprop=\"name\">CONTRE-INDICATIONS<\/h1><div class=\"w-tabs-section-control\"><\/div><\/button><div  class=\"w-tabs-section-content\" id=\"content-f037\" itemscope itemprop=\"acceptedAnswer\" itemtype=\"https:\/\/schema.org\/Answer\"><div class=\"w-tabs-section-content-h i-cf\" itemprop=\"text\"><div class=\"wpb_text_column\"><div class=\"wpb_wrapper\"><div>\n<p>Certains \u00e9tats ne permettent pas la pratique de la r\u00e9flexologie :<\/p>\n<p class=\"Textbody\">\u2013 Inflammation des pieds<\/p>\n<\/div>\n<div>\n<p class=\"Textbody\">\u2013 Entorses, blessures ou traumatisme du pied<\/p>\n<\/div>\n<div>\n<p class=\"Textbody\">\u2013 Troubles circulatoires graves et non r\u00e9solus (phl\u00e9bite, thrombose)<\/p>\n<\/div>\n<div>\n<p class=\"Textbody\">\u2013 Affections cardiaques graves<\/p>\n<\/div>\n<div>\n<p class=\"Textbody\">-Grossesse \u00e0 risque et grossesse de \u2013 3 mois<\/p>\n<\/div>\n<\/div><\/div><\/div><\/div><\/div><\/div><\/div><\/div><\/div><\/div><\/div><\/section>\n","protected":false},"excerpt":{"rendered":"HISTOIRE DE LA R\u00c9FLEXOLOGIE Une origine en Inde et au P\u00e9rou : Il y a 5 000 ans un traitement sous forme de pressions \u00e9tait connue en Inde et en Chine, le document le plus ancien connu date de 2,700 ans avant J.C. Chez les Incas (P\u00e9rou) ce traitement sous forme de pressions remonterait \u00e0...","protected":false},"author":1,"featured_media":0,"parent":0,"menu_order":0,"comment_status":"closed","ping_status":"closed","template":"","meta":{"footnotes":""},"class_list":["post-3903","page","type-page","status-publish","hentry"],"_links":{"self":[{"href":"https:\/\/reflexologue81.fr\/index.php?rest_route=\/wp\/v2\/pages\/3903","targetHints":{"allow":["GET"]}}],"collection":[{"href":"https:\/\/reflexologue81.fr\/index.php?rest_route=\/wp\/v2\/pages"}],"about":[{"href":"https:\/\/reflexologue81.fr\/index.php?rest_route=\/wp\/v2\/types\/page"}],"author":[{"embeddable":true,"href":"https:\/\/reflexologue81.fr\/index.php?rest_route=\/wp\/v2\/users\/1"}],"replies":[{"embeddable":true,"href":"https:\/\/reflexologue81.fr\/index.php?rest_route=%2Fwp%2Fv2%2Fcomments&post=3903"}],"version-history":[{"count":28,"href":"https:\/\/reflexologue81.fr\/index.php?rest_route=\/wp\/v2\/pages\/3903\/revisions"}],"predecessor-version":[{"id":3944,"href":"https:\/\/reflexologue81.fr\/index.php?rest_route=\/wp\/v2\/pages\/3903\/revisions\/3944"}],"wp:attachment":[{"href":"https:\/\/reflexologue81.fr\/index.php?rest_route=%2Fwp%2Fv2%2Fmedia&parent=3903"}],"curies":[{"name":"wp","href":"https:\/\/api.w.org\/{rel}","templated":true}]}}