{"id":3847,"date":"2021-12-29T12:40:10","date_gmt":"2021-12-29T12:40:10","guid":{"rendered":"https:\/\/reflexologue81.fr\/?page_id=3847"},"modified":"2022-03-29T11:39:20","modified_gmt":"2022-03-29T11:39:20","slug":"les-prestations","status":"publish","type":"page","link":"https:\/\/reflexologue81.fr\/?page_id=3847","title":{"rendered":"Les prestations"},"content":{"rendered":"<section class=\"l-section wpb_row height_medium\"><div class=\"l-section-h i-cf\"><div class=\"g-cols vc_row via_grid cols_1 laptops-cols_inherit tablets-cols_inherit mobiles-cols_1 valign_top type_default stacking_default\"><div class=\"wpb_column vc_column_container\"><div class=\"vc_column-inner\"><div class=\"w-tabs style_default switch_click accordion has_scrolling\" style=\"--sections-title-size:inherit\"><div class=\"w-tabs-sections titles-align_none icon_chevron cpos_right\"><div class=\"w-tabs-section no_indents\" id=\"s0e0\"><button class=\"w-tabs-section-header\" aria-controls=\"content-s0e0\" aria-expanded=\"false\"><div class=\"w-tabs-section-title\">Reflexologie Plantaire<\/div><div class=\"w-tabs-section-control\"><\/div><\/button><div  class=\"w-tabs-section-content\" id=\"content-s0e0\"><div class=\"w-tabs-section-content-h i-cf\"><div class=\"wpb_text_column\"><div class=\"wpb_wrapper\"><div>\n<p class=\"Textbody\"><strong>Nos pieds on 7200 terminaisons nerveuses,\u00a0 ce qui fait du pied, la partie de notre corps la plus r\u00e9flexog\u00e8ne: c\u2019est LA partie du corps la plus apte \u00e0 recevoir et \u00e0 transmettre l\u2019information du toucher.<\/strong><\/p>\n<\/div>\n<div>\n<p class=\"Textbody\">Source de bien-\u00eatre absolu, la r\u00e9flexologie plantaire a la capacit\u00e9 d&rsquo;agir \u00e0 distance pour venir \u00e0 bout de diff\u00e9rents maux et troubles pouvant affecter les organes. <span class=\"StrongEmphasis\">La r\u00e9flexologie plantaire rec\u00e8le une mine d&rsquo;or de possibilit\u00e9s pour gu\u00e9rir les diff\u00e9rents maux du corps<\/span>. Les douleurs ressenties dans cette partie du corps traduisent le plus souvent les tensions subies par certains organes. Gr\u00e2ce aux diff\u00e9rentes zones r\u00e9flexes, la localisation des zones affect\u00e9es devient facile et le traitement sera plus efficace.<\/p>\n<\/div>\n<\/div><\/div><\/div><\/div><\/div><div class=\"w-tabs-section no_indents\" id=\"i2f3\"><button class=\"w-tabs-section-header\" aria-controls=\"content-i2f3\" aria-expanded=\"false\"><div class=\"w-tabs-section-title\">Reflexologie Palmaire<\/div><div class=\"w-tabs-section-control\"><\/div><\/button><div  class=\"w-tabs-section-content\" id=\"content-i2f3\"><div class=\"w-tabs-section-content-h i-cf\"><div class=\"wpb_text_column\"><div class=\"wpb_wrapper\"><div>\n<p class=\"Textbody\"><strong>Comme les pieds, les mains sont la repr\u00e9sentation projet\u00e9e de nos organes.<\/strong><\/p>\n<p class=\"Textbody\">Facile \u00e0 r\u00e9aliser, la r\u00e9flexologie des mains ou palmaire apporte tonicit\u00e9, relaxation, sant\u00e9 et bien-\u00eatre \u00e0 l&rsquo;ensemble du corps. <span class=\"StrongEmphasis\">En sollicitant les zones sensibles des mains, la r\u00e9flexologie palmaire agit sur de nombreux organes tels que les organes respiratoires, la t\u00eate et le c\u0153ur<\/span>. Plus facile d&rsquo;acc\u00e8s, les mains ont \u00e9galement l&rsquo;avantage d&rsquo;abriter 3000 terminaisons nerveuses communiquant avec l&rsquo;ensemble du corps.<\/p>\n<\/div>\n<div>\n<p class=\"Textbody\"><span class=\"StrongEmphasis\">Bien que les organes pouvant \u00eatre trait\u00e9s par la stimulation des zones r\u00e9flexog\u00e8nes des mains sont moins nombreux que ceux accessibles par les pieds<\/span>, il n&rsquo;en demeure pas moins que la r\u00e9flexologie des mains offre un r\u00e9sultat plus rapide.<\/p>\n<\/div>\n<\/div><\/div><\/div><\/div><\/div><div class=\"w-tabs-section no_indents\" id=\"h4cb\"><button class=\"w-tabs-section-header\" aria-controls=\"content-h4cb\" aria-expanded=\"false\"><div class=\"w-tabs-section-title\">R\u00e9flexologie faciale<\/div><div class=\"w-tabs-section-control\"><\/div><\/button><div  class=\"w-tabs-section-content\" id=\"content-h4cb\"><div class=\"w-tabs-section-content-h i-cf\"><div class=\"wpb_text_column\"><div class=\"wpb_wrapper\"><div>\n<p class=\"Textbody\" align=\"center\"><b>\u00a0<\/b><\/p>\n<\/div>\n<div>\n<p class=\"Textbody\"><strong>La r\u00e9flexologie faciale est une alternative id\u00e9ale pour soulager les maux, entretenir la jeunesse et favoriser la gu\u00e9rison gr\u00e2ce au toucher du visage.<\/strong><\/p>\n<\/div>\n<div>\n<p class=\"Textbody\">\u00a0La stimulation des muscles du visage permet d&rsquo;atteindre de fa\u00e7on rapide et efficace les diff\u00e9rents organes du corps afin de les gu\u00e9rir. La r\u00e9flexologie faciale agit \u00e0 la fois sur les zones r\u00e9flexes, mais \u00e9galement sur la texture de la peau favorisant ainsi le raffermissement et la souplesse de celle-ci.<\/p>\n<\/div>\n<\/div><\/div><\/div><\/div><\/div><div class=\"w-tabs-section no_indents\" id=\"h637\"><button class=\"w-tabs-section-header\" aria-controls=\"content-h637\" aria-expanded=\"false\"><div class=\"w-tabs-section-title\">Le massage m\u00e9tamorphique<\/div><div class=\"w-tabs-section-control\"><\/div><\/button><div  class=\"w-tabs-section-content\" id=\"content-h637\"><div class=\"w-tabs-section-content-h i-cf\"><div class=\"wpb_text_column\"><div class=\"wpb_wrapper\"><div>\n<p class=\"Textbody\">C&rsquo;est une technique inspir\u00e9e de la r\u00e9flexologie et qui se distingue par son toucher particulier.C\u2019est un massage tr\u00e8s doux des pieds, des mains et de la t\u00eate en exer\u00e7ant un l\u00e9ger toucher sur l\u2019arcade osseuse int\u00e9rieure du pied et de la main, C\u2019est l\u00e0 que sont inscrits les neuf mois de vie intra-ut\u00e9rine, \u00e9labor\u00e9 par Robert Saint John, un r\u00e9flexologue et naturopathe britannique, \u00a0La technique\u00a0 permet une harmonisation psychique ,physique, mental et \u00e9motionnelles\u00a0 et une lib\u00e9ration des m\u00e9moires cellulaires.<b><\/b><\/p>\n<\/div>\n<\/div><\/div><\/div><\/div><\/div><\/div><\/div><\/div><\/div><\/div><\/div><\/section><section class=\"l-section wpb_row height_medium\"><div class=\"l-section-h i-cf\"><div class=\"g-cols vc_row via_grid cols_1 laptops-cols_inherit tablets-cols_inherit mobiles-cols_1 valign_top type_default stacking_default\"><div class=\"wpb_column vc_column_container\"><div class=\"vc_column-inner\"><div class=\"w-separator size_custom\" style=\"height:300px\"><\/div><\/div><\/div><\/div><\/div><\/section>\n","protected":false},"excerpt":{"rendered":"Reflexologie Plantaire Nos pieds on 7200 terminaisons nerveuses,\u00a0 ce qui fait du pied, la partie de notre corps la plus r\u00e9flexog\u00e8ne: c\u2019est LA partie du corps la plus apte \u00e0 recevoir et \u00e0 transmettre l\u2019information du toucher. Source de bien-\u00eatre absolu, la r\u00e9flexologie plantaire a la capacit\u00e9 d&rsquo;agir \u00e0 distance pour venir \u00e0 bout de...","protected":false},"author":1,"featured_media":0,"parent":0,"menu_order":0,"comment_status":"closed","ping_status":"closed","template":"","meta":{"footnotes":""},"class_list":["post-3847","page","type-page","status-publish","hentry"],"_links":{"self":[{"href":"https:\/\/reflexologue81.fr\/index.php?rest_route=\/wp\/v2\/pages\/3847","targetHints":{"allow":["GET"]}}],"collection":[{"href":"https:\/\/reflexologue81.fr\/index.php?rest_route=\/wp\/v2\/pages"}],"about":[{"href":"https:\/\/reflexologue81.fr\/index.php?rest_route=\/wp\/v2\/types\/page"}],"author":[{"embeddable":true,"href":"https:\/\/reflexologue81.fr\/index.php?rest_route=\/wp\/v2\/users\/1"}],"replies":[{"embeddable":true,"href":"https:\/\/reflexologue81.fr\/index.php?rest_route=%2Fwp%2Fv2%2Fcomments&post=3847"}],"version-history":[{"count":4,"href":"https:\/\/reflexologue81.fr\/index.php?rest_route=\/wp\/v2\/pages\/3847\/revisions"}],"predecessor-version":[{"id":3952,"href":"https:\/\/reflexologue81.fr\/index.php?rest_route=\/wp\/v2\/pages\/3847\/revisions\/3952"}],"wp:attachment":[{"href":"https:\/\/reflexologue81.fr\/index.php?rest_route=%2Fwp%2Fv2%2Fmedia&parent=3847"}],"curies":[{"name":"wp","href":"https:\/\/api.w.org\/{rel}","templated":true}]}}