{"id":2,"date":"2021-12-23T15:24:31","date_gmt":"2021-12-23T15:24:31","guid":{"rendered":"http:\/\/reflexologue81.fr\/?page_id=2"},"modified":"2022-03-29T11:43:59","modified_gmt":"2022-03-29T11:43:59","slug":"sample-page","status":"publish","type":"page","link":"https:\/\/reflexologue81.fr\/?page_id=2","title":{"rendered":"Fleurs de Bach"},"content":{"rendered":"<section class=\"l-section wpb_row height_medium\"><div class=\"l-section-h i-cf\"><div class=\"g-cols vc_row via_grid cols_1 laptops-cols_inherit tablets-cols_inherit mobiles-cols_1 valign_top type_default stacking_default\"><div class=\"wpb_column vc_column_container\"><div class=\"vc_column-inner\"><div class=\"wpb_text_column\"><div class=\"wpb_wrapper\"><div>\n<p class=\"Textbody\" align=\"center\"><b><u>\u00a0<\/u><\/b><\/p>\n<\/div>\n<div>\n<p class=\"Textbody\">Les\u00a0<span class=\"StrongEmphasis\">fleurs de Bach<\/span>\u00a0sont des \u00e9lixirs floraux qui agissent positivement\u00a0<a href=\"https:\/\/www.topsante.com\/medecines-douces\/les-fleurs-de-bach-c-est-quoi-au-juste-9591\" target=\"_blank\" rel=\"noopener\"><span class=\"StrongEmphasis\">sur les \u00e9motions n\u00e9gatives ou les humeurs<\/span><\/a>\u00a0afin de les changer positivement, et qui visent \u00e0 aider la personne \u00e0 surmonter ses probl\u00e8mes. Ainsi, pour bien choisir une fleur de Bach parmi les 38 essences qui existent, il faudra s&rsquo;int\u00e9resser \u00e0 l&rsquo;\u00e9motion ressentie de m\u00eame qu&rsquo;\u00e0 l&rsquo;humeur, au temp\u00e9rament et \u00e0 la personnalit\u00e9 de la personne que l&rsquo;on souhaite aider.<\/p>\n<\/div>\n<\/div><\/div><\/div><\/div><\/div><\/div><\/section><section class=\"l-section wpb_row height_medium\"><div class=\"l-section-h i-cf\"><div class=\"g-cols vc_row via_grid cols_1 laptops-cols_inherit tablets-cols_inherit mobiles-cols_1 valign_top type_default stacking_default\"><div class=\"wpb_column vc_column_container\"><div class=\"vc_column-inner\"><div class=\"w-image align_center\"><div class=\"w-image-h\"><img decoding=\"async\" width=\"1024\" height=\"677\" src=\"https:\/\/reflexologue81.fr\/wp-content\/uploads\/2022\/03\/fleur_de_bach_1120x740px-1024x677.jpeg\" class=\"attachment-large size-large\" alt=\"\" loading=\"lazy\" srcset=\"https:\/\/reflexologue81.fr\/wp-content\/uploads\/2022\/03\/fleur_de_bach_1120x740px-1024x677.jpeg 1024w, https:\/\/reflexologue81.fr\/wp-content\/uploads\/2022\/03\/fleur_de_bach_1120x740px-300x198.jpeg 300w, https:\/\/reflexologue81.fr\/wp-content\/uploads\/2022\/03\/fleur_de_bach_1120x740px.jpeg 1120w\" sizes=\"auto, (max-width: 1024px) 100vw, 1024px\" \/><\/div><\/div><\/div><\/div><\/div><\/div><\/section>\n","protected":false},"excerpt":{"rendered":"\u00a0 Les\u00a0fleurs de Bach\u00a0sont des \u00e9lixirs floraux qui agissent positivement\u00a0sur les \u00e9motions n\u00e9gatives ou les humeurs\u00a0afin de les changer positivement, et qui visent \u00e0 aider la personne \u00e0 surmonter ses probl\u00e8mes. Ainsi, pour bien choisir une fleur de Bach parmi les 38 essences qui existent, il faudra s&rsquo;int\u00e9resser \u00e0 l&rsquo;\u00e9motion ressentie de m\u00eame qu&rsquo;\u00e0 l&rsquo;humeur,...","protected":false},"author":1,"featured_media":0,"parent":0,"menu_order":0,"comment_status":"closed","ping_status":"open","template":"","meta":{"footnotes":""},"class_list":["post-2","page","type-page","status-publish","hentry"],"_links":{"self":[{"href":"https:\/\/reflexologue81.fr\/index.php?rest_route=\/wp\/v2\/pages\/2","targetHints":{"allow":["GET"]}}],"collection":[{"href":"https:\/\/reflexologue81.fr\/index.php?rest_route=\/wp\/v2\/pages"}],"about":[{"href":"https:\/\/reflexologue81.fr\/index.php?rest_route=\/wp\/v2\/types\/page"}],"author":[{"embeddable":true,"href":"https:\/\/reflexologue81.fr\/index.php?rest_route=\/wp\/v2\/users\/1"}],"replies":[{"embeddable":true,"href":"https:\/\/reflexologue81.fr\/index.php?rest_route=%2Fwp%2Fv2%2Fcomments&post=2"}],"version-history":[{"count":3,"href":"https:\/\/reflexologue81.fr\/index.php?rest_route=\/wp\/v2\/pages\/2\/revisions"}],"predecessor-version":[{"id":3957,"href":"https:\/\/reflexologue81.fr\/index.php?rest_route=\/wp\/v2\/pages\/2\/revisions\/3957"}],"wp:attachment":[{"href":"https:\/\/reflexologue81.fr\/index.php?rest_route=%2Fwp%2Fv2%2Fmedia&parent=2"}],"curies":[{"name":"wp","href":"https:\/\/api.w.org\/{rel}","templated":true}]}}