{"id":1301,"date":"2016-08-03T09:57:17","date_gmt":"2016-08-03T09:57:17","guid":{"rendered":"http:\/\/impreza7.us-themes.com\/?page_id=1301"},"modified":"2023-01-12T12:29:46","modified_gmt":"2023-01-12T12:29:46","slug":"tarifs","status":"publish","type":"page","link":"https:\/\/reflexologue81.fr\/?page_id=1301","title":{"rendered":"Tarifs"},"content":{"rendered":"<section class=\"l-section wpb_row height_medium\"><div class=\"l-section-h i-cf\"><div class=\"g-cols vc_row via_grid cols_1 laptops-cols_inherit tablets-cols_inherit mobiles-cols_1 valign_top type_default stacking_default\"><div class=\"wpb_column vc_column_container\"><div class=\"vc_column-inner\"><div class=\"wpb_text_column\"><div class=\"wpb_wrapper\"><h4 style=\"text-align: center;\">Moyens de paiement accept\u00e9s :<\/h4>\n<h3 style=\"text-align: center;\"><strong>ESPECES OU CH\u00c8QUES<\/strong><\/h3>\n<\/div><\/div><div class=\"w-separator size_large with_line width_default thick_1 style_solid color_border align_center\"><div class=\"w-separator-h\"><\/div><\/div><div class=\"wpb_text_column\"><div class=\"wpb_wrapper\"><h2 style=\"text-align: center;\">S\u00e9ances de r\u00e9flexologie<\/h2>\n<\/div><\/div><div class=\"w-pricing style_simple items_4\"><div class=\"w-pricing-item type_default\"><div class=\"w-pricing-item-h\"><div class=\"w-pricing-item-header\"><div class=\"w-pricing-item-title\">S\u00e9ance Enfant<\/div><div class=\"w-pricing-item-price\">15\u20ac \u00e0 40\u20ac<\/div><\/div><ul class=\"w-pricing-item-features\"><li class=\"w-pricing-item-feature\">De 0 \u00e0 2 ans dur\u00e9e 20 min : 15\u20ac<\/li><li class=\"w-pricing-item-feature\">De 3 \u00e0 6 ans dur\u00e9e 25 min : 20\u20ac<\/li><li class=\"w-pricing-item-feature\">De 7 \u00e0 12 ans dur\u00e9e 30 min : 25\u20ac<\/li><li class=\"w-pricing-item-feature\">De 13 \u00e0 18 ans dur\u00e9e 45 min : 40\u20ac<\/li><\/ul><\/div><\/div><div class=\"w-pricing-item type_featured\"><div class=\"w-pricing-item-h\"><div class=\"w-pricing-item-header\"><div class=\"w-pricing-item-title\">S\u00e9ance Adulte<\/div><div class=\"w-pricing-item-price\">50\u20ac<\/div><\/div><ul class=\"w-pricing-item-features\"><li class=\"w-pricing-item-feature\">Dur\u00e9e 60 min<\/li><li class=\"w-pricing-item-feature\"><\/li><li class=\"w-pricing-item-feature\">Formule au choix : <\/li><li class=\"w-pricing-item-feature\"><\/li><li class=\"w-pricing-item-feature\">- R\u00e9flexologie  Plantaire<\/li><li class=\"w-pricing-item-feature\">- R\u00e9flexologie Palmaire<\/li><li class=\"w-pricing-item-feature\">- R\u00e9flexologie Cr\u00e2nio \/ Faciale \/ Trap\u00e8zes<\/li><li class=\"w-pricing-item-feature\">- R\u00e9flexologie \"Massage M\u00e9tamorphique\"<\/li><li class=\"w-pricing-item-feature\">- Massage intuitif du dos<\/li><\/ul><\/div><\/div><div class=\"w-pricing-item type_default\"><div class=\"w-pricing-item-h\"><div class=\"w-pricing-item-header\"><div class=\"w-pricing-item-title\">S\u00e9ances Combin\u00e9es<\/div><div class=\"w-pricing-item-price\">75 \u20ac<\/div><\/div><ul class=\"w-pricing-item-features\"><li class=\"w-pricing-item-feature\">Dur\u00e9e 90 min<\/li><li class=\"w-pricing-item-feature\"><\/li><li class=\"w-pricing-item-feature\">Formule au choix : <\/li><li class=\"w-pricing-item-feature\"><\/li><li class=\"w-pricing-item-feature\">- R\u00e9flexologie Plantaire + Palmaire<\/li><li class=\"w-pricing-item-feature\">- R\u00e9flexologie Palmaire + Faciale<\/li><li class=\"w-pricing-item-feature\">- R\u00e9flexologie Plantaire + Faciale<\/li><\/ul><\/div><\/div><div class=\"w-pricing-item type_default\"><div class=\"w-pricing-item-h\"><div class=\"w-pricing-item-header\"><div class=\"w-pricing-item-title\">Carte de fid\u00e9lit\u00e9<\/div><div class=\"w-pricing-item-price\">-20%<\/div><\/div><ul class=\"w-pricing-item-features\"><li class=\"w-pricing-item-feature\">sur la 5eme s\u00e9ance<\/li><li class=\"w-pricing-item-feature\"><\/li><li class=\"w-pricing-item-feature\">Votre fid\u00e9lit\u00e9 r\u00e9compens\u00e9e !<\/li><\/ul><\/div><\/div><\/div><\/div><\/div><div class=\"wpb_column vc_column_container\"><div class=\"vc_column-inner\"><\/div><\/div><\/div><\/div><\/section><section class=\"l-section wpb_row height_medium\"><div class=\"l-section-h i-cf\"><div class=\"g-cols vc_row via_grid cols_1 laptops-cols_inherit tablets-cols_inherit mobiles-cols_1 valign_top type_default stacking_default\"><div class=\"wpb_column vc_column_container\"><div class=\"vc_column-inner\"><div class=\"wpb_text_column\"><div class=\"wpb_wrapper\"><div>\n<p class=\"Textbody\" style=\"text-align: center;\">\n<\/div>\n<div>\n<h3 class=\"Textbody\" style=\"text-align: center;\"><span style=\"color: #ff9900;\"><strong><u>Forfait Famille<\/u><\/strong><\/span>\u00a0 &#8211; 20% sur 1 s\u00e9ance adulte + 1 s\u00e9ance enfant<\/h3>\n<\/div>\n<\/div><\/div><div class=\"w-separator size_medium with_line width_default thick_2 style_solid color_border align_center\"><div class=\"w-separator-h\"><\/div><\/div><div class=\"wpb_text_column\"><div class=\"wpb_wrapper\"><div>\n<p class=\"Textbody\" style=\"text-align: center;\">Faites plaisir a vos proches\u00a0 pour un moment d\u00e9tente est de bien \u00eatre<\/p>\n<\/div>\n<div>\n<h3 class=\"Textbody\" style=\"text-align: center;\"><span style=\"color: #ff9900;\"><strong><u>Bon cadeau<\/u><\/strong><\/span>\u00a0 <strong>50 euros<\/strong> dur\u00e9e 1h\u00a0 valable 1 an<\/h3>\n<\/div>\n<\/div><\/div><div class=\"w-separator size_medium with_line width_default thick_2 style_solid color_border align_center\"><div class=\"w-separator-h\"><\/div><\/div><\/div><\/div><\/div><\/div><\/section><section class=\"l-section wpb_row height_medium\"><div class=\"l-section-h i-cf\"><div class=\"g-cols vc_row via_grid cols_1 laptops-cols_inherit tablets-cols_inherit mobiles-cols_1 valign_top type_default stacking_default\"><div class=\"wpb_column vc_column_container\"><div class=\"vc_column-inner\"><div class=\"wpb_text_column\"><div class=\"wpb_wrapper\"><h2 style=\"text-align: center;\">Fleurs de Bach<\/h2>\n<\/div><\/div><div class=\"w-pricing style_simple items_3\"><div class=\"w-pricing-item type_default\"><div class=\"w-pricing-item-h\"><div class=\"w-pricing-item-header\"><div class=\"w-pricing-item-title\">Recherche des besoins + 1 Flacon<\/div><div class=\"w-pricing-item-price\">40\u20ac<\/div><\/div><ul class=\"w-pricing-item-features\"><li class=\"w-pricing-item-feature\">Dur\u00e9e 30 min<\/li><\/ul><\/div><\/div><div class=\"w-pricing-item type_featured\"><div class=\"w-pricing-item-h\"><div class=\"w-pricing-item-header\"><div class=\"w-pricing-item-title\">1 S\u00e9ance de r\u00e9flexologie + 1 flacon<\/div><div class=\"w-pricing-item-price\">60\u20ac<\/div><\/div><ul class=\"w-pricing-item-features\"><li class=\"w-pricing-item-feature\">Dur\u00e9e 60 min<\/li><li class=\"w-pricing-item-feature\"><\/li><li class=\"w-pricing-item-feature\">Formule au choix : <\/li><li class=\"w-pricing-item-feature\"><\/li><li class=\"w-pricing-item-feature\">- R\u00e9flexologie  Plantaire<\/li><li class=\"w-pricing-item-feature\">- R\u00e9flexologie Palmaire<\/li><li class=\"w-pricing-item-feature\">- R\u00e9flexologie Cr\u00e2nio \/ Faciale \/ Trap\u00e8zes<\/li><li class=\"w-pricing-item-feature\">- R\u00e9flexologie \"Massage M\u00e9tamorphique\"<\/li><li class=\"w-pricing-item-feature\">- Massage intuitif du dos<\/li><\/ul><\/div><\/div><div class=\"w-pricing-item type_default\"><div class=\"w-pricing-item-h\"><div class=\"w-pricing-item-header\"><div class=\"w-pricing-item-title\">Recharge du flacon<\/div><div class=\"w-pricing-item-price\">5 \u20ac<\/div><\/div><\/div><\/div><\/div><\/div><\/div><\/div><\/div><\/section>\n","protected":false},"excerpt":{"rendered":"Moyens de paiement accept\u00e9s : ESPECES OU CH\u00c8QUES S\u00e9ances de r\u00e9flexologie S\u00e9ance Enfant15\u20ac \u00e0 40\u20acDe 0 \u00e0 2 ans dur\u00e9e 20 min : 15\u20acDe 3 \u00e0 6 ans dur\u00e9e 25 min : 20\u20acDe 7 \u00e0 12 ans dur\u00e9e 30 min : 25\u20acDe 13 \u00e0 18 ans dur\u00e9e 45 min : 40\u20acS\u00e9ance Adulte50\u20acDur\u00e9e 60 minFormule au...","protected":false},"author":1,"featured_media":0,"parent":0,"menu_order":0,"comment_status":"closed","ping_status":"closed","template":"","meta":{"footnotes":""},"class_list":["post-1301","page","type-page","status-publish","hentry"],"_links":{"self":[{"href":"https:\/\/reflexologue81.fr\/index.php?rest_route=\/wp\/v2\/pages\/1301","targetHints":{"allow":["GET"]}}],"collection":[{"href":"https:\/\/reflexologue81.fr\/index.php?rest_route=\/wp\/v2\/pages"}],"about":[{"href":"https:\/\/reflexologue81.fr\/index.php?rest_route=\/wp\/v2\/types\/page"}],"author":[{"embeddable":true,"href":"https:\/\/reflexologue81.fr\/index.php?rest_route=\/wp\/v2\/users\/1"}],"replies":[{"embeddable":true,"href":"https:\/\/reflexologue81.fr\/index.php?rest_route=%2Fwp%2Fv2%2Fcomments&post=1301"}],"version-history":[{"count":23,"href":"https:\/\/reflexologue81.fr\/index.php?rest_route=\/wp\/v2\/pages\/1301\/revisions"}],"predecessor-version":[{"id":3994,"href":"https:\/\/reflexologue81.fr\/index.php?rest_route=\/wp\/v2\/pages\/1301\/revisions\/3994"}],"wp:attachment":[{"href":"https:\/\/reflexologue81.fr\/index.php?rest_route=%2Fwp%2Fv2%2Fmedia&parent=1301"}],"curies":[{"name":"wp","href":"https:\/\/api.w.org\/{rel}","templated":true}]}}